{"id":2216,"date":"2025-03-13T21:25:41","date_gmt":"2025-03-13T21:25:41","guid":{"rendered":"https:\/\/yilmazotosan.com\/urun\/11510-6-ileri-3-vites-dislisi-ince\/"},"modified":"2025-03-13T21:25:51","modified_gmt":"2025-03-13T21:25:51","slug":"11510-6-ileri-3-vites-dislisi-ince","status":"publish","type":"product","link":"https:\/\/yilmazotosan.com\/en\/urun\/11510-6-ileri-3-vites-dislisi-ince\/","title":{"rendered":"11510 &#8211; 3Rd Speed Gear (Th\u0131n)"},"content":{"rendered":"","protected":false},"excerpt":{"rendered":"<table class=\"producttab\">\n<thead>\n<tr>\n<th>OEM No<\/th>\n<th>Marka<\/th>\n<th>Model<\/th>\n<th>\u015eanz\u0131man Kodu<\/th>\n<th>Di\u015f &#8230; <\/p>\n","protected":false},"featured_media":2217,"comment_status":"closed","ping_status":"open","template":"","meta":[],"product_brand":[],"product_cat":[93],"product_tag":[],"class_list":{"0":"post-2216","1":"product","2":"type-product","3":"status-publish","4":"has-post-thumbnail","6":"product_cat-sanziman","8":"first","9":"instock","10":"product-type-simple"},"yoast_head":"<!-- This site is optimized with the Yoast SEO Premium plugin v25.5 (Yoast SEO v25.5) - https:\/\/yoast.com\/wordpress\/plugins\/seo\/ -->\n<title>11510 - 3Rd Speed Gear (Th\u0131n) - Y\u0131lmaz Automotive Spare Parts<\/title>\n<meta name=\"robots\" content=\"index, follow, max-snippet:-1, max-image-preview:large, max-video-preview:-1\" \/>\n<link rel=\"canonical\" href=\"https:\/\/yilmazotosan.com\/en\/urun\/11510-6-ileri-3-vites-dislisi-ince\/\" \/>\n<meta property=\"og:locale\" content=\"en_US\" \/>\n<meta property=\"og:type\" content=\"article\" \/>\n<meta property=\"og:title\" content=\"11510 - 3Rd Speed Gear (Th\u0131n)\" \/>\n<meta property=\"og:description\" content=\"OEM No Marka Model \u015eanz\u0131man Kodu Di\u015f ...\" \/>\n<meta property=\"og:url\" content=\"https:\/\/yilmazotosan.com\/en\/urun\/11510-6-ileri-3-vites-dislisi-ince\/\" \/>\n<meta property=\"og:site_name\" content=\"[:tr]Y\u0131lmaz Otomotiv Yedek Par\u00e7a[:en]Y\u0131lmaz Automotive Spare Parts[:]\" \/>\n<meta property=\"article:publisher\" content=\"https:\/\/www.facebook.com\/profile.php?id=61574938030502\" \/>\n<meta property=\"article:modified_time\" content=\"2025-03-13T21:25:51+00:00\" \/>\n<meta property=\"og:image\" content=\"https:\/\/yilmazotosan.com\/wp-content\/uploads\/2025\/03\/11510.jpg\" \/>\n\t<meta property=\"og:image:width\" content=\"1300\" \/>\n\t<meta property=\"og:image:height\" content=\"1300\" \/>\n\t<meta property=\"og:image:type\" content=\"image\/jpeg\" \/>\n<meta name=\"twitter:card\" content=\"summary_large_image\" \/>\n<script type=\"application\/ld+json\" class=\"yoast-schema-graph\">{\"@context\":\"https:\/\/schema.org\",\"@graph\":[{\"@type\":\"WebPage\",\"@id\":\"https:\/\/yilmazotosan.com\/en\/urun\/11510-6-ileri-3-vites-dislisi-ince\/\",\"url\":\"https:\/\/yilmazotosan.com\/en\/urun\/11510-6-ileri-3-vites-dislisi-ince\/\",\"name\":\"11510 - 3Rd Speed Gear (Th\u0131n) - Y\u0131lmaz Automotive Spare Parts\",\"isPartOf\":{\"@id\":\"https:\/\/yilmazotosan.com\/en\/#website\"},\"primaryImageOfPage\":{\"@id\":\"https:\/\/yilmazotosan.com\/en\/urun\/11510-6-ileri-3-vites-dislisi-ince\/#primaryimage\"},\"image\":{\"@id\":\"https:\/\/yilmazotosan.com\/urun\/11510-6-ileri-3-vites-dislisi-ince\/#primaryimage\"},\"thumbnailUrl\":\"https:\/\/yilmazotosan.com\/wp-content\/uploads\/2025\/03\/11510.jpg\",\"datePublished\":\"2025-03-13T21:25:41+00:00\",\"dateModified\":\"2025-03-13T21:25:51+00:00\",\"breadcrumb\":{\"@id\":\"https:\/\/yilmazotosan.com\/en\/urun\/11510-6-ileri-3-vites-dislisi-ince\/#breadcrumb\"},\"inLanguage\":\"en-US\",\"potentialAction\":[{\"@type\":\"ReadAction\",\"target\":[[\"https:\/\/yilmazotosan.com\/en\/urun\/11510-6-ileri-3-vites-dislisi-ince\/\"]]}]},{\"@type\":\"ImageObject\",\"inLanguage\":\"en-US\",\"@id\":\"https:\/\/yilmazotosan.com\/en\/urun\/11510-6-ileri-3-vites-dislisi-ince\/#primaryimage\",\"url\":\"https:\/\/yilmazotosan.com\/wp-content\/uploads\/2025\/03\/11510.jpg\",\"contentUrl\":\"https:\/\/yilmazotosan.com\/wp-content\/uploads\/2025\/03\/11510.jpg\",\"width\":1300,\"height\":1300},{\"@type\":\"BreadcrumbList\",\"@id\":\"https:\/\/yilmazotosan.com\/en\/urun\/11510-6-ileri-3-vites-dislisi-ince\/#breadcrumb\",\"itemListElement\":[{\"@type\":\"ListItem\",\"position\":1,\"name\":\"Home\",\"item\":\"https:\/\/yilmazotosan.com\/en\/\"},{\"@type\":\"ListItem\",\"position\":2,\"name\":\"\u00dcr\u00fcnler\",\"item\":\"https:\/\/yilmazotosan.com\/en\/urunler\/\"},{\"@type\":\"ListItem\",\"position\":3,\"name\":\"11510 &#8211; 6 \u0130leri 3.Vites Di\u015flisi (\u0130nce)\"}]},{\"@type\":\"WebSite\",\"@id\":\"https:\/\/yilmazotosan.com\/en\/#website\",\"url\":\"https:\/\/yilmazotosan.com\/en\/\",\"name\":\"Y\u0131lmaz Otomotiv Transmission & Differential Parts\",\"description\":\"\",\"publisher\":{\"@id\":\"https:\/\/yilmazotosan.com\/en\/#organization\"},\"potentialAction\":[{\"@type\":\"SearchAction\",\"target\":{\"@type\":\"EntryPoint\",\"urlTemplate\":\"https:\/\/yilmazotosan.com\/en\/?s={search_term_string}\"},\"query-input\":{\"@type\":\"PropertyValueSpecification\",\"valueRequired\":true,\"valueName\":\"search_term_string\"}}],\"inLanguage\":\"en-US\"},{\"@type\":\"Organization\",\"@id\":\"https:\/\/yilmazotosan.com\/en\/#organization\",\"name\":\"Y\u0131lmaz Automotive Spare Parts\",\"url\":\"https:\/\/yilmazotosan.com\/en\/\",\"logo\":{\"@type\":\"ImageObject\",\"inLanguage\":\"en-US\",\"@id\":\"https:\/\/yilmazotosan.com\/en\/#\/schema\/logo\/image\/\",\"url\":\"https:\/\/yilmazotosan.com\/wp-content\/uploads\/2025\/03\/logo.png\",\"contentUrl\":\"https:\/\/yilmazotosan.com\/wp-content\/uploads\/2025\/03\/logo.png\",\"width\":250,\"height\":86,\"caption\":\"Y\u0131lmaz Automotive Spare Parts\"},\"image\":{\"@id\":\"https:\/\/yilmazotosan.com\/en\/#\/schema\/logo\/image\/\"},\"sameAs\":[\"https:\/\/www.facebook.com\/profile.php?id=61574938030502\",\"https:\/\/www.instagram.com\/yilmazotosan\"],\"description\":\"Founded in 1970, our company began manufacturing automotive spare parts under the \u2018YILMAZ\u2019 brand for Ford and light commercial vehicles. Our product range includes gears, wheel hubs, brake drums, brake caliper bushing kits, and stub axles.\",\"email\":\"info@yilmazotosan.com\",\"telephone\":\"+905064871655\",\"legalName\":\"YILMAZ OTOMOT\u0130V SAN. VE T\u0130C.LTD.\u015eT\u0130\"}]}<\/script>\n<!-- \/ Yoast SEO Premium plugin. -->","yoast_head_json":{"title":"11510 - 3Rd Speed Gear (Th\u0131n) - Y\u0131lmaz Automotive Spare Parts","robots":{"index":"index","follow":"follow","max-snippet":"max-snippet:-1","max-image-preview":"max-image-preview:large","max-video-preview":"max-video-preview:-1"},"canonical":"https:\/\/yilmazotosan.com\/en\/urun\/11510-6-ileri-3-vites-dislisi-ince\/","og_locale":"en_US","og_type":"article","og_title":"11510 - 3Rd Speed Gear (Th\u0131n)","og_description":"OEM No Marka Model \u015eanz\u0131man Kodu Di\u015f ...","og_url":"https:\/\/yilmazotosan.com\/en\/urun\/11510-6-ileri-3-vites-dislisi-ince\/","og_site_name":"[:tr]Y\u0131lmaz Otomotiv Yedek Par\u00e7a[:en]Y\u0131lmaz Automotive Spare Parts[:]","article_publisher":"https:\/\/www.facebook.com\/profile.php?id=61574938030502","article_modified_time":"2025-03-13T21:25:51+00:00","og_image":[{"width":1300,"height":1300,"url":"https:\/\/yilmazotosan.com\/wp-content\/uploads\/2025\/03\/11510.jpg","type":"image\/jpeg"}],"twitter_card":"summary_large_image","schema":{"@context":"https:\/\/schema.org","@graph":[{"@type":"WebPage","@id":"https:\/\/yilmazotosan.com\/en\/urun\/11510-6-ileri-3-vites-dislisi-ince\/","url":"https:\/\/yilmazotosan.com\/en\/urun\/11510-6-ileri-3-vites-dislisi-ince\/","name":"11510 - 3Rd Speed Gear (Th\u0131n) - Y\u0131lmaz Automotive Spare Parts","isPartOf":{"@id":"https:\/\/yilmazotosan.com\/en\/#website"},"primaryImageOfPage":{"@id":"https:\/\/yilmazotosan.com\/en\/urun\/11510-6-ileri-3-vites-dislisi-ince\/#primaryimage"},"image":{"@id":"https:\/\/yilmazotosan.com\/urun\/11510-6-ileri-3-vites-dislisi-ince\/#primaryimage"},"thumbnailUrl":"https:\/\/yilmazotosan.com\/wp-content\/uploads\/2025\/03\/11510.jpg","datePublished":"2025-03-13T21:25:41+00:00","dateModified":"2025-03-13T21:25:51+00:00","breadcrumb":{"@id":"https:\/\/yilmazotosan.com\/en\/urun\/11510-6-ileri-3-vites-dislisi-ince\/#breadcrumb"},"inLanguage":"en-US","potentialAction":[{"@type":"ReadAction","target":[["https:\/\/yilmazotosan.com\/en\/urun\/11510-6-ileri-3-vites-dislisi-ince\/"]]}]},{"@type":"ImageObject","inLanguage":"en-US","@id":"https:\/\/yilmazotosan.com\/en\/urun\/11510-6-ileri-3-vites-dislisi-ince\/#primaryimage","url":"https:\/\/yilmazotosan.com\/wp-content\/uploads\/2025\/03\/11510.jpg","contentUrl":"https:\/\/yilmazotosan.com\/wp-content\/uploads\/2025\/03\/11510.jpg","width":1300,"height":1300},{"@type":"BreadcrumbList","@id":"https:\/\/yilmazotosan.com\/en\/urun\/11510-6-ileri-3-vites-dislisi-ince\/#breadcrumb","itemListElement":[{"@type":"ListItem","position":1,"name":"Home","item":"https:\/\/yilmazotosan.com\/en\/"},{"@type":"ListItem","position":2,"name":"\u00dcr\u00fcnler","item":"https:\/\/yilmazotosan.com\/en\/urunler\/"},{"@type":"ListItem","position":3,"name":"11510 &#8211; 6 \u0130leri 3.Vites Di\u015flisi (\u0130nce)"}]},{"@type":"WebSite","@id":"https:\/\/yilmazotosan.com\/en\/#website","url":"https:\/\/yilmazotosan.com\/en\/","name":"Y\u0131lmaz Otomotiv Transmission & Differential Parts","description":"","publisher":{"@id":"https:\/\/yilmazotosan.com\/en\/#organization"},"potentialAction":[{"@type":"SearchAction","target":{"@type":"EntryPoint","urlTemplate":"https:\/\/yilmazotosan.com\/en\/?s={search_term_string}"},"query-input":{"@type":"PropertyValueSpecification","valueRequired":true,"valueName":"search_term_string"}}],"inLanguage":"en-US"},{"@type":"Organization","@id":"https:\/\/yilmazotosan.com\/en\/#organization","name":"Y\u0131lmaz Automotive Spare Parts","url":"https:\/\/yilmazotosan.com\/en\/","logo":{"@type":"ImageObject","inLanguage":"en-US","@id":"https:\/\/yilmazotosan.com\/en\/#\/schema\/logo\/image\/","url":"https:\/\/yilmazotosan.com\/wp-content\/uploads\/2025\/03\/logo.png","contentUrl":"https:\/\/yilmazotosan.com\/wp-content\/uploads\/2025\/03\/logo.png","width":250,"height":86,"caption":"Y\u0131lmaz Automotive Spare Parts"},"image":{"@id":"https:\/\/yilmazotosan.com\/en\/#\/schema\/logo\/image\/"},"sameAs":["https:\/\/www.facebook.com\/profile.php?id=61574938030502","https:\/\/www.instagram.com\/yilmazotosan"],"description":"Founded in 1970, our company began manufacturing automotive spare parts under the \u2018YILMAZ\u2019 brand for Ford and light commercial vehicles. Our product range includes gears, wheel hubs, brake drums, brake caliper bushing kits, and stub axles.","email":"info@yilmazotosan.com","telephone":"+905064871655","legalName":"YILMAZ OTOMOT\u0130V SAN. VE T\u0130C.LTD.\u015eT\u0130"}]}},"_links":{"self":[{"href":"https:\/\/yilmazotosan.com\/en\/wp-json\/wp\/v2\/product\/2216","targetHints":{"allow":["GET"]}}],"collection":[{"href":"https:\/\/yilmazotosan.com\/en\/wp-json\/wp\/v2\/product"}],"about":[{"href":"https:\/\/yilmazotosan.com\/en\/wp-json\/wp\/v2\/types\/product"}],"replies":[{"embeddable":true,"href":"https:\/\/yilmazotosan.com\/en\/wp-json\/wp\/v2\/comments?post=2216"}],"wp:featuredmedia":[{"embeddable":true,"href":"https:\/\/yilmazotosan.com\/en\/wp-json\/wp\/v2\/media\/2217"}],"wp:attachment":[{"href":"https:\/\/yilmazotosan.com\/en\/wp-json\/wp\/v2\/media?parent=2216"}],"wp:term":[{"taxonomy":"product_brand","embeddable":true,"href":"https:\/\/yilmazotosan.com\/en\/wp-json\/wp\/v2\/product_brand?post=2216"},{"taxonomy":"product_cat","embeddable":true,"href":"https:\/\/yilmazotosan.com\/en\/wp-json\/wp\/v2\/product_cat?post=2216"},{"taxonomy":"product_tag","embeddable":true,"href":"https:\/\/yilmazotosan.com\/en\/wp-json\/wp\/v2\/product_tag?post=2216"}],"curies":[{"name":"wp","href":"https:\/\/api.w.org\/{rel}","templated":true}]}}