{"id":2628,"date":"2025-03-15T21:48:49","date_gmt":"2025-03-15T21:48:49","guid":{"rendered":"https:\/\/yilmazotosan.com\/urun\/11220-t-t-arka-diskli-absli-porya-komple-takim\/"},"modified":"2025-03-15T21:48:53","modified_gmt":"2025-03-15T21:48:53","slug":"11220-t-t-arka-diskli-absli-porya-komple-takim","status":"publish","type":"product","link":"https:\/\/yilmazotosan.com\/en\/urun\/11220-t-t-arka-diskli-absli-porya-komple-takim\/","title":{"rendered":"11220 &#8211; S\u0131ngle Wheel Rear Wheel Hub W\u0131th Brake D\u0131sc +Abs"},"content":{"rendered":"","protected":false},"excerpt":{"rendered":"<table class=\"producttab\">\n<thead>\n<tr>\n<th>OEM No<\/th>\n<th>Marka<\/th>\n<th>Model<\/th>\n<\/tr>\n<\/thead>\n<tbody>\n<tr>\n<td>6C11 &#8230; <\/p>\n","protected":false},"featured_media":2629,"comment_status":"closed","ping_status":"open","template":"","meta":[],"product_brand":[],"product_cat":[96],"product_tag":[],"class_list":{"0":"post-2628","1":"product","2":"type-product","3":"status-publish","4":"has-post-thumbnail","6":"product_cat-porya","8":"first","9":"instock","10":"product-type-simple"},"yoast_head":"<!-- This site is optimized with the Yoast SEO Premium plugin v25.5 (Yoast SEO v25.5) - https:\/\/yoast.com\/wordpress\/plugins\/seo\/ -->\n<title>11220 - S\u0131ngle Wheel Rear Wheel Hub W\u0131th Brake D\u0131sc +Abs - Y\u0131lmaz Automotive Spare Parts<\/title>\n<meta name=\"robots\" content=\"index, follow, max-snippet:-1, max-image-preview:large, max-video-preview:-1\" \/>\n<link rel=\"canonical\" href=\"https:\/\/yilmazotosan.com\/en\/urun\/11220-t-t-arka-diskli-absli-porya-komple-takim\/\" \/>\n<meta property=\"og:locale\" content=\"en_US\" \/>\n<meta property=\"og:type\" content=\"article\" \/>\n<meta property=\"og:title\" content=\"11220 - S\u0131ngle Wheel Rear Wheel Hub W\u0131th Brake D\u0131sc +Abs\" \/>\n<meta property=\"og:description\" content=\"OEM No Marka Model   6C11 ...\" \/>\n<meta property=\"og:url\" content=\"https:\/\/yilmazotosan.com\/en\/urun\/11220-t-t-arka-diskli-absli-porya-komple-takim\/\" \/>\n<meta property=\"og:site_name\" content=\"[:tr]Y\u0131lmaz Otomotiv Yedek Par\u00e7a[:en]Y\u0131lmaz Automotive Spare Parts[:]\" \/>\n<meta property=\"article:publisher\" content=\"https:\/\/www.facebook.com\/profile.php?id=61574938030502\" \/>\n<meta property=\"article:modified_time\" content=\"2025-03-15T21:48:53+00:00\" \/>\n<meta property=\"og:image\" content=\"https:\/\/yilmazotosan.com\/wp-content\/uploads\/2025\/03\/11220.jpg\" \/>\n\t<meta property=\"og:image:width\" content=\"600\" \/>\n\t<meta property=\"og:image:height\" content=\"600\" \/>\n\t<meta property=\"og:image:type\" content=\"image\/jpeg\" \/>\n<meta name=\"twitter:card\" content=\"summary_large_image\" \/>\n<script type=\"application\/ld+json\" class=\"yoast-schema-graph\">{\"@context\":\"https:\/\/schema.org\",\"@graph\":[{\"@type\":\"WebPage\",\"@id\":\"https:\/\/yilmazotosan.com\/en\/urun\/11220-t-t-arka-diskli-absli-porya-komple-takim\/\",\"url\":\"https:\/\/yilmazotosan.com\/en\/urun\/11220-t-t-arka-diskli-absli-porya-komple-takim\/\",\"name\":\"11220 - S\u0131ngle Wheel Rear Wheel Hub W\u0131th Brake D\u0131sc +Abs - Y\u0131lmaz Automotive Spare Parts\",\"isPartOf\":{\"@id\":\"https:\/\/yilmazotosan.com\/en\/#website\"},\"primaryImageOfPage\":{\"@id\":\"https:\/\/yilmazotosan.com\/en\/urun\/11220-t-t-arka-diskli-absli-porya-komple-takim\/#primaryimage\"},\"image\":{\"@id\":\"https:\/\/yilmazotosan.com\/urun\/11220-t-t-arka-diskli-absli-porya-komple-takim\/#primaryimage\"},\"thumbnailUrl\":\"https:\/\/yilmazotosan.com\/wp-content\/uploads\/2025\/03\/11220.jpg\",\"datePublished\":\"2025-03-15T21:48:49+00:00\",\"dateModified\":\"2025-03-15T21:48:53+00:00\",\"breadcrumb\":{\"@id\":\"https:\/\/yilmazotosan.com\/en\/urun\/11220-t-t-arka-diskli-absli-porya-komple-takim\/#breadcrumb\"},\"inLanguage\":\"en-US\",\"potentialAction\":[{\"@type\":\"ReadAction\",\"target\":[[\"https:\/\/yilmazotosan.com\/en\/urun\/11220-t-t-arka-diskli-absli-porya-komple-takim\/\"]]}]},{\"@type\":\"ImageObject\",\"inLanguage\":\"en-US\",\"@id\":\"https:\/\/yilmazotosan.com\/en\/urun\/11220-t-t-arka-diskli-absli-porya-komple-takim\/#primaryimage\",\"url\":\"https:\/\/yilmazotosan.com\/wp-content\/uploads\/2025\/03\/11220.jpg\",\"contentUrl\":\"https:\/\/yilmazotosan.com\/wp-content\/uploads\/2025\/03\/11220.jpg\",\"width\":600,\"height\":600},{\"@type\":\"BreadcrumbList\",\"@id\":\"https:\/\/yilmazotosan.com\/en\/urun\/11220-t-t-arka-diskli-absli-porya-komple-takim\/#breadcrumb\",\"itemListElement\":[{\"@type\":\"ListItem\",\"position\":1,\"name\":\"Home\",\"item\":\"https:\/\/yilmazotosan.com\/en\/\"},{\"@type\":\"ListItem\",\"position\":2,\"name\":\"\u00dcr\u00fcnler\",\"item\":\"https:\/\/yilmazotosan.com\/en\/urunler\/\"},{\"@type\":\"ListItem\",\"position\":3,\"name\":\"11220 &#8211; T.T. Arka Diskli Abs&#8217;Li Porya &#8211; Komple Tak\u0131m\"}]},{\"@type\":\"WebSite\",\"@id\":\"https:\/\/yilmazotosan.com\/en\/#website\",\"url\":\"https:\/\/yilmazotosan.com\/en\/\",\"name\":\"Y\u0131lmaz Otomotiv Transmission & Differential Parts\",\"description\":\"\",\"publisher\":{\"@id\":\"https:\/\/yilmazotosan.com\/en\/#organization\"},\"potentialAction\":[{\"@type\":\"SearchAction\",\"target\":{\"@type\":\"EntryPoint\",\"urlTemplate\":\"https:\/\/yilmazotosan.com\/en\/?s={search_term_string}\"},\"query-input\":{\"@type\":\"PropertyValueSpecification\",\"valueRequired\":true,\"valueName\":\"search_term_string\"}}],\"inLanguage\":\"en-US\"},{\"@type\":\"Organization\",\"@id\":\"https:\/\/yilmazotosan.com\/en\/#organization\",\"name\":\"Y\u0131lmaz Automotive Spare Parts\",\"url\":\"https:\/\/yilmazotosan.com\/en\/\",\"logo\":{\"@type\":\"ImageObject\",\"inLanguage\":\"en-US\",\"@id\":\"https:\/\/yilmazotosan.com\/en\/#\/schema\/logo\/image\/\",\"url\":\"https:\/\/yilmazotosan.com\/wp-content\/uploads\/2025\/03\/logo.png\",\"contentUrl\":\"https:\/\/yilmazotosan.com\/wp-content\/uploads\/2025\/03\/logo.png\",\"width\":250,\"height\":86,\"caption\":\"Y\u0131lmaz Automotive Spare Parts\"},\"image\":{\"@id\":\"https:\/\/yilmazotosan.com\/en\/#\/schema\/logo\/image\/\"},\"sameAs\":[\"https:\/\/www.facebook.com\/profile.php?id=61574938030502\",\"https:\/\/www.instagram.com\/yilmazotosan\"],\"description\":\"Founded in 1970, our company began manufacturing automotive spare parts under the \u2018YILMAZ\u2019 brand for Ford and light commercial vehicles. Our product range includes gears, wheel hubs, brake drums, brake caliper bushing kits, and stub axles.\",\"email\":\"info@yilmazotosan.com\",\"telephone\":\"+905064871655\",\"legalName\":\"YILMAZ OTOMOT\u0130V SAN. VE T\u0130C.LTD.\u015eT\u0130\"}]}<\/script>\n<!-- \/ Yoast SEO Premium plugin. -->","yoast_head_json":{"title":"11220 - S\u0131ngle Wheel Rear Wheel Hub W\u0131th Brake D\u0131sc +Abs - Y\u0131lmaz Automotive Spare Parts","robots":{"index":"index","follow":"follow","max-snippet":"max-snippet:-1","max-image-preview":"max-image-preview:large","max-video-preview":"max-video-preview:-1"},"canonical":"https:\/\/yilmazotosan.com\/en\/urun\/11220-t-t-arka-diskli-absli-porya-komple-takim\/","og_locale":"en_US","og_type":"article","og_title":"11220 - S\u0131ngle Wheel Rear Wheel Hub W\u0131th Brake D\u0131sc +Abs","og_description":"OEM No Marka Model   6C11 ...","og_url":"https:\/\/yilmazotosan.com\/en\/urun\/11220-t-t-arka-diskli-absli-porya-komple-takim\/","og_site_name":"[:tr]Y\u0131lmaz Otomotiv Yedek Par\u00e7a[:en]Y\u0131lmaz Automotive Spare Parts[:]","article_publisher":"https:\/\/www.facebook.com\/profile.php?id=61574938030502","article_modified_time":"2025-03-15T21:48:53+00:00","og_image":[{"width":600,"height":600,"url":"https:\/\/yilmazotosan.com\/wp-content\/uploads\/2025\/03\/11220.jpg","type":"image\/jpeg"}],"twitter_card":"summary_large_image","schema":{"@context":"https:\/\/schema.org","@graph":[{"@type":"WebPage","@id":"https:\/\/yilmazotosan.com\/en\/urun\/11220-t-t-arka-diskli-absli-porya-komple-takim\/","url":"https:\/\/yilmazotosan.com\/en\/urun\/11220-t-t-arka-diskli-absli-porya-komple-takim\/","name":"11220 - S\u0131ngle Wheel Rear Wheel Hub W\u0131th Brake D\u0131sc +Abs - Y\u0131lmaz Automotive Spare Parts","isPartOf":{"@id":"https:\/\/yilmazotosan.com\/en\/#website"},"primaryImageOfPage":{"@id":"https:\/\/yilmazotosan.com\/en\/urun\/11220-t-t-arka-diskli-absli-porya-komple-takim\/#primaryimage"},"image":{"@id":"https:\/\/yilmazotosan.com\/urun\/11220-t-t-arka-diskli-absli-porya-komple-takim\/#primaryimage"},"thumbnailUrl":"https:\/\/yilmazotosan.com\/wp-content\/uploads\/2025\/03\/11220.jpg","datePublished":"2025-03-15T21:48:49+00:00","dateModified":"2025-03-15T21:48:53+00:00","breadcrumb":{"@id":"https:\/\/yilmazotosan.com\/en\/urun\/11220-t-t-arka-diskli-absli-porya-komple-takim\/#breadcrumb"},"inLanguage":"en-US","potentialAction":[{"@type":"ReadAction","target":[["https:\/\/yilmazotosan.com\/en\/urun\/11220-t-t-arka-diskli-absli-porya-komple-takim\/"]]}]},{"@type":"ImageObject","inLanguage":"en-US","@id":"https:\/\/yilmazotosan.com\/en\/urun\/11220-t-t-arka-diskli-absli-porya-komple-takim\/#primaryimage","url":"https:\/\/yilmazotosan.com\/wp-content\/uploads\/2025\/03\/11220.jpg","contentUrl":"https:\/\/yilmazotosan.com\/wp-content\/uploads\/2025\/03\/11220.jpg","width":600,"height":600},{"@type":"BreadcrumbList","@id":"https:\/\/yilmazotosan.com\/en\/urun\/11220-t-t-arka-diskli-absli-porya-komple-takim\/#breadcrumb","itemListElement":[{"@type":"ListItem","position":1,"name":"Home","item":"https:\/\/yilmazotosan.com\/en\/"},{"@type":"ListItem","position":2,"name":"\u00dcr\u00fcnler","item":"https:\/\/yilmazotosan.com\/en\/urunler\/"},{"@type":"ListItem","position":3,"name":"11220 &#8211; T.T. Arka Diskli Abs&#8217;Li Porya &#8211; Komple Tak\u0131m"}]},{"@type":"WebSite","@id":"https:\/\/yilmazotosan.com\/en\/#website","url":"https:\/\/yilmazotosan.com\/en\/","name":"Y\u0131lmaz Otomotiv Transmission & Differential Parts","description":"","publisher":{"@id":"https:\/\/yilmazotosan.com\/en\/#organization"},"potentialAction":[{"@type":"SearchAction","target":{"@type":"EntryPoint","urlTemplate":"https:\/\/yilmazotosan.com\/en\/?s={search_term_string}"},"query-input":{"@type":"PropertyValueSpecification","valueRequired":true,"valueName":"search_term_string"}}],"inLanguage":"en-US"},{"@type":"Organization","@id":"https:\/\/yilmazotosan.com\/en\/#organization","name":"Y\u0131lmaz Automotive Spare Parts","url":"https:\/\/yilmazotosan.com\/en\/","logo":{"@type":"ImageObject","inLanguage":"en-US","@id":"https:\/\/yilmazotosan.com\/en\/#\/schema\/logo\/image\/","url":"https:\/\/yilmazotosan.com\/wp-content\/uploads\/2025\/03\/logo.png","contentUrl":"https:\/\/yilmazotosan.com\/wp-content\/uploads\/2025\/03\/logo.png","width":250,"height":86,"caption":"Y\u0131lmaz Automotive Spare Parts"},"image":{"@id":"https:\/\/yilmazotosan.com\/en\/#\/schema\/logo\/image\/"},"sameAs":["https:\/\/www.facebook.com\/profile.php?id=61574938030502","https:\/\/www.instagram.com\/yilmazotosan"],"description":"Founded in 1970, our company began manufacturing automotive spare parts under the \u2018YILMAZ\u2019 brand for Ford and light commercial vehicles. Our product range includes gears, wheel hubs, brake drums, brake caliper bushing kits, and stub axles.","email":"info@yilmazotosan.com","telephone":"+905064871655","legalName":"YILMAZ OTOMOT\u0130V SAN. VE T\u0130C.LTD.\u015eT\u0130"}]}},"_links":{"self":[{"href":"https:\/\/yilmazotosan.com\/en\/wp-json\/wp\/v2\/product\/2628","targetHints":{"allow":["GET"]}}],"collection":[{"href":"https:\/\/yilmazotosan.com\/en\/wp-json\/wp\/v2\/product"}],"about":[{"href":"https:\/\/yilmazotosan.com\/en\/wp-json\/wp\/v2\/types\/product"}],"replies":[{"embeddable":true,"href":"https:\/\/yilmazotosan.com\/en\/wp-json\/wp\/v2\/comments?post=2628"}],"wp:featuredmedia":[{"embeddable":true,"href":"https:\/\/yilmazotosan.com\/en\/wp-json\/wp\/v2\/media\/2629"}],"wp:attachment":[{"href":"https:\/\/yilmazotosan.com\/en\/wp-json\/wp\/v2\/media?parent=2628"}],"wp:term":[{"taxonomy":"product_brand","embeddable":true,"href":"https:\/\/yilmazotosan.com\/en\/wp-json\/wp\/v2\/product_brand?post=2628"},{"taxonomy":"product_cat","embeddable":true,"href":"https:\/\/yilmazotosan.com\/en\/wp-json\/wp\/v2\/product_cat?post=2628"},{"taxonomy":"product_tag","embeddable":true,"href":"https:\/\/yilmazotosan.com\/en\/wp-json\/wp\/v2\/product_tag?post=2628"}],"curies":[{"name":"wp","href":"https:\/\/api.w.org\/{rel}","templated":true}]}}